{"id":242,"date":"2019-11-03T06:12:09","date_gmt":"2019-11-03T06:12:09","guid":{"rendered":"https:\/\/x-theme.net\/avas-agency\/?page_id=242"},"modified":"2025-04-02T18:21:28","modified_gmt":"2025-04-02T16:21:28","slug":"portfolios","status":"publish","type":"page","link":"https:\/\/iiaci.site\/index.php\/portfolios\/","title":{"rendered":"FORMATIONS"},"content":{"rendered":"\t\t<div data-elementor-type=\"wp-page\" data-elementor-id=\"242\" class=\"elementor elementor-242\">\n\t\t\t\t<div class=\"elementor-element elementor-element-cedb198 e-flex e-con-boxed e-con e-parent\" data-id=\"cedb198\" data-element_type=\"container\" data-settings=\"{&quot;content_width&quot;:&quot;boxed&quot;}\" data-core-v316-plus=\"true\">\n\t\t\t\t\t<div class=\"e-con-inner\">\n\t\t\t\t<div class=\"elementor-element elementor-element-0368c4d elementor-widget elementor-widget-heading\" data-id=\"0368c4d\" data-element_type=\"widget\" data-widget_type=\"heading.default\">\n\t\t\t\t<div class=\"elementor-widget-container\">\n\t\t\t<style>\/*! elementor - v3.19.0 - 07-02-2024 *\/\n.elementor-heading-title{padding:0;margin:0;line-height:1}.elementor-widget-heading .elementor-heading-title[class*=elementor-size-]>a{color:inherit;font-size:inherit;line-height:inherit}.elementor-widget-heading .elementor-heading-title.elementor-size-small{font-size:15px}.elementor-widget-heading .elementor-heading-title.elementor-size-medium{font-size:19px}.elementor-widget-heading .elementor-heading-title.elementor-size-large{font-size:29px}.elementor-widget-heading .elementor-heading-title.elementor-size-xl{font-size:39px}.elementor-widget-heading .elementor-heading-title.elementor-size-xxl{font-size:59px}<\/style><h2 class=\"elementor-heading-title elementor-size-default\">FORMATION CIA<\/h2>\t\t<\/div>\n\t\t\t\t<\/div>\n\t\t\t\t<div class=\"elementor-element elementor-element-7faba61 elementor-widget elementor-widget-spacer\" data-id=\"7faba61\" data-element_type=\"widget\" data-widget_type=\"spacer.default\">\n\t\t\t\t<div class=\"elementor-widget-container\">\n\t\t\t<style>\/*! elementor - v3.19.0 - 07-02-2024 *\/\n.elementor-column .elementor-spacer-inner{height:var(--spacer-size)}.e-con{--container-widget-width:100%}.e-con-inner>.elementor-widget-spacer,.e-con>.elementor-widget-spacer{width:var(--container-widget-width,var(--spacer-size));--align-self:var(--container-widget-align-self,initial);--flex-shrink:0}.e-con-inner>.elementor-widget-spacer>.elementor-widget-container,.e-con>.elementor-widget-spacer>.elementor-widget-container{height:100%;width:100%}.e-con-inner>.elementor-widget-spacer>.elementor-widget-container>.elementor-spacer,.e-con>.elementor-widget-spacer>.elementor-widget-container>.elementor-spacer{height:100%}.e-con-inner>.elementor-widget-spacer>.elementor-widget-container>.elementor-spacer>.elementor-spacer-inner,.e-con>.elementor-widget-spacer>.elementor-widget-container>.elementor-spacer>.elementor-spacer-inner{height:var(--container-widget-height,var(--spacer-size))}.e-con-inner>.elementor-widget-spacer.elementor-widget-empty,.e-con>.elementor-widget-spacer.elementor-widget-empty{position:relative;min-height:22px;min-width:22px}.e-con-inner>.elementor-widget-spacer.elementor-widget-empty .elementor-widget-empty-icon,.e-con>.elementor-widget-spacer.elementor-widget-empty .elementor-widget-empty-icon{position:absolute;top:0;bottom:0;left:0;right:0;margin:auto;padding:0;width:22px;height:22px}<\/style>\t\t<div class=\"elementor-spacer\">\n\t\t\t<div class=\"elementor-spacer-inner\"><\/div>\n\t\t<\/div>\n\t\t\t\t<\/div>\n\t\t\t\t<\/div>\n\t\t\t\t\t<\/div>\n\t\t\t\t<\/div>\n\t\t<div class=\"elementor-element elementor-element-86af027 e-flex e-con-boxed e-con e-parent\" data-id=\"86af027\" data-element_type=\"container\" data-settings=\"{&quot;content_width&quot;:&quot;boxed&quot;}\" data-core-v316-plus=\"true\">\n\t\t\t\t\t<div class=\"e-con-inner\">\n\t\t\t\t\t<\/div>\n\t\t\t\t<\/div>\n\t\t<div class=\"elementor-element elementor-element-36cc123 e-flex e-con-boxed e-con e-parent\" data-id=\"36cc123\" data-element_type=\"container\" data-settings=\"{&quot;content_width&quot;:&quot;boxed&quot;}\" data-core-v316-plus=\"true\">\n\t\t\t\t\t<div class=\"e-con-inner\">\n\t\t\t\t<div class=\"elementor-element elementor-element-d59fc0f elementor-widget elementor-widget-heading\" data-id=\"d59fc0f\" data-element_type=\"widget\" data-widget_type=\"heading.default\">\n\t\t\t\t<div class=\"elementor-widget-container\">\n\t\t\t<h2 class=\"elementor-heading-title elementor-size-default\">LA CERTIFICATION CIA COMPORTE TROIS MODULES<\/h2>\t\t<\/div>\n\t\t\t\t<\/div>\n\t\t\t\t<div class=\"elementor-element elementor-element-cfc325e elementor-widget elementor-widget-text-editor\" data-id=\"cfc325e\" data-element_type=\"widget\" data-widget_type=\"text-editor.default\">\n\t\t\t\t<div class=\"elementor-widget-container\">\n\t\t\t<style>\/*! elementor - v3.19.0 - 07-02-2024 *\/\n.elementor-widget-text-editor.elementor-drop-cap-view-stacked .elementor-drop-cap{background-color:#69727d;color:#fff}.elementor-widget-text-editor.elementor-drop-cap-view-framed .elementor-drop-cap{color:#69727d;border:3px solid;background-color:transparent}.elementor-widget-text-editor:not(.elementor-drop-cap-view-default) .elementor-drop-cap{margin-top:8px}.elementor-widget-text-editor:not(.elementor-drop-cap-view-default) .elementor-drop-cap-letter{width:1em;height:1em}.elementor-widget-text-editor .elementor-drop-cap{float:left;text-align:center;line-height:1;font-size:50px}.elementor-widget-text-editor .elementor-drop-cap-letter{display:inline-block}<\/style>\t\t\t\t<p>LES CONDITIONS<\/p><p><br \/>1- \u00catre membre de l\u2019IIA pour b\u00e9n\u00e9ficier des r\u00e9ductions (droit d\u2019adh\u00e9sion 50 000 fcfa +<br \/>cotisation annuelle 30 000fcfa)<br \/>2- Acheter un kit d\u2019auto-formation \u00e0 610 000 fcfa et code d\u2019acc\u00e8s pour s\u2019exercer en ligne<br \/>3- Le droit d\u2019inscription : $120<br \/>4- Le droit d\u2019examen : $350<br \/>5- L\u2019inscription se passe \u00e0 travers la cr\u00e9ation du CCMS (www.theiia.org)<br \/>6- Le payement des frais se fait par visa carte, virement,<br \/>7- La composition se fait en ligne dans les centres d\u2019examen (INOVA ou PIGIER)<br \/>8- Les cours de pr\u00e9paration (cours en journ\u00e9e lundi- mardi-mercredi-jeudi\/semaine)<br \/>650 000 fcfa \/ module<br \/>9- Les modules ne sont pas li\u00e9s, vous pouvez composer dans tous les modules dans<br \/>l\u2019ordre que vous voulez. (1-2-3) (2-1-3) (3-1-2) &#8230;&#8230;<br \/>10- C\u2019est la validation des trois modules que donne droit \u00e0 l\u2019obtention du CIA<br \/>11- Le code d\u2019acc\u00e8s pour l\u2019exercice en ligne et le kit ne sont valables que pour deux ans.<br \/>12- Si vous \u00eates admissible dans un module, vous avez deux ans pour valider les deux<br \/>autres modules au cas l\u2019admissibilit\u00e9 du premier module vous sera retirer.<\/p>\t\t\t\t\t\t<\/div>\n\t\t\t\t<\/div>\n\t\t\t\t\t<\/div>\n\t\t\t\t<\/div>\n\t\t<div class=\"elementor-element elementor-element-ac77d7c e-flex e-con-boxed e-con e-parent\" data-id=\"ac77d7c\" data-element_type=\"container\" data-settings=\"{&quot;content_width&quot;:&quot;boxed&quot;}\" data-core-v316-plus=\"true\">\n\t\t\t\t\t<div class=\"e-con-inner\">\n\t\t\t\t<div class=\"elementor-element elementor-element-3741057 elementor-widget elementor-widget-image\" data-id=\"3741057\" data-element_type=\"widget\" data-widget_type=\"image.default\">\n\t\t\t\t<div class=\"elementor-widget-container\">\n\t\t\t<style>\/*! elementor - v3.19.0 - 07-02-2024 *\/\n.elementor-widget-image{text-align:center}.elementor-widget-image a{display:inline-block}.elementor-widget-image a img[src$=\".svg\"]{width:48px}.elementor-widget-image img{vertical-align:middle;display:inline-block}<\/style>\t\t\t\t\t\t\t\t\t\t<img fetchpriority=\"high\" decoding=\"async\" width=\"1024\" height=\"187\" src=\"https:\/\/iiaci.site\/wp-content\/uploads\/2025\/04\/Capture-decran-2025-04-02-a-16.19.49-1024x187.png\" class=\"attachment-large size-large wp-image-636\" alt=\"\" srcset=\"https:\/\/iiaci.site\/wp-content\/uploads\/2025\/04\/Capture-decran-2025-04-02-a-16.19.49-1024x187.png 1024w, https:\/\/iiaci.site\/wp-content\/uploads\/2025\/04\/Capture-decran-2025-04-02-a-16.19.49-300x55.png 300w, https:\/\/iiaci.site\/wp-content\/uploads\/2025\/04\/Capture-decran-2025-04-02-a-16.19.49-768x140.png 768w, https:\/\/iiaci.site\/wp-content\/uploads\/2025\/04\/Capture-decran-2025-04-02-a-16.19.49-80x15.png 80w, https:\/\/iiaci.site\/wp-content\/uploads\/2025\/04\/Capture-decran-2025-04-02-a-16.19.49-360x66.png 360w, https:\/\/iiaci.site\/wp-content\/uploads\/2025\/04\/Capture-decran-2025-04-02-a-16.19.49-373x68.png 373w, https:\/\/iiaci.site\/wp-content\/uploads\/2025\/04\/Capture-decran-2025-04-02-a-16.19.49-620x113.png 620w, https:\/\/iiaci.site\/wp-content\/uploads\/2025\/04\/Capture-decran-2025-04-02-a-16.19.49-460x84.png 460w, https:\/\/iiaci.site\/wp-content\/uploads\/2025\/04\/Capture-decran-2025-04-02-a-16.19.49-365x67.png 365w, https:\/\/iiaci.site\/wp-content\/uploads\/2025\/04\/Capture-decran-2025-04-02-a-16.19.49.png 1312w\" sizes=\"(max-width: 1024px) 100vw, 1024px\" \/>\t\t\t\t\t\t\t\t\t\t\t\t\t<\/div>\n\t\t\t\t<\/div>\n\t\t\t\t\t<\/div>\n\t\t\t\t<\/div>\n\t\t\t\t<\/div>\n\t\t","protected":false},"excerpt":{"rendered":"<p class=\"tx-excerpt\">FORMATION CIA LA CERTIFICATION CIA COMPORTE TROIS MODULES LES CONDITIONS 1- \u00catre membre de l\u2019IIA pour b\u00e9n\u00e9ficier des r\u00e9ductions (droit d\u2019adh\u00e9sion 50 000 fcfa +cotisation annuelle 30 000fcfa)2- Acheter un kit d\u2019auto-formation \u00e0","protected":false},"author":1,"featured_media":0,"parent":0,"menu_order":0,"comment_status":"closed","ping_status":"closed","template":"templates\/portfolio.php","meta":{"footnotes":""},"class_list":["post-242","page","type-page","status-publish","hentry"],"_links":{"self":[{"href":"https:\/\/iiaci.site\/index.php\/wp-json\/wp\/v2\/pages\/242","targetHints":{"allow":["GET"]}}],"collection":[{"href":"https:\/\/iiaci.site\/index.php\/wp-json\/wp\/v2\/pages"}],"about":[{"href":"https:\/\/iiaci.site\/index.php\/wp-json\/wp\/v2\/types\/page"}],"author":[{"embeddable":true,"href":"https:\/\/iiaci.site\/index.php\/wp-json\/wp\/v2\/users\/1"}],"replies":[{"embeddable":true,"href":"https:\/\/iiaci.site\/index.php\/wp-json\/wp\/v2\/comments?post=242"}],"version-history":[{"count":37,"href":"https:\/\/iiaci.site\/index.php\/wp-json\/wp\/v2\/pages\/242\/revisions"}],"predecessor-version":[{"id":643,"href":"https:\/\/iiaci.site\/index.php\/wp-json\/wp\/v2\/pages\/242\/revisions\/643"}],"wp:attachment":[{"href":"https:\/\/iiaci.site\/index.php\/wp-json\/wp\/v2\/media?parent=242"}],"curies":[{"name":"wp","href":"https:\/\/api.w.org\/{rel}","templated":true}]}}